{"id":773,"date":"2008-12-19T18:57:08","date_gmt":"2008-12-19T17:57:08","guid":{"rendered":"http:\/\/epistel.no\/blog\/?page_id=773"},"modified":"2020-06-08T07:01:57","modified_gmt":"2020-06-08T06:01:57","slug":"onskeliste","status":"publish","type":"page","link":"https:\/\/epistel.no\/blog\/onskeliste\/","title":{"rendered":"\u00d8nskeliste"},"content":{"rendered":"<h3>Diverse<\/h3>\n<ul>\n<li>Sjokolade<\/li>\n<li>God kaffe (hele b\u00f8nner, gjerne Kenya\/Etiopia<\/li>\n<\/ul>\n<h3>\u00d8nsker til Iris<\/h3>\n<ul>\n<li>Tegnepapir, fargeleggingsb\u00f8ker og lignende<\/li>\n<\/ul>\n<h3>\u00d8nsker til Alva<\/h3>\n","protected":false},"excerpt":{"rendered":"<p>Diverse Sjokolade God kaffe (hele b\u00f8nner, gjerne Kenya\/Etiopia \u00d8nsker til Iris Tegnepapir, fargeleggingsb\u00f8ker og lignende \u00d8nsker til Alva<\/p>\n","protected":false},"author":2,"featured_media":0,"parent":0,"menu_order":0,"comment_status":"open","ping_status":"open","template":"","meta":{"spay_email":""},"jetpack_shortlink":"https:\/\/wp.me\/PpHor-ct","jetpack_sharing_enabled":true,"_links":{"self":[{"href":"https:\/\/epistel.no\/blog\/wp-json\/wp\/v2\/pages\/773"}],"collection":[{"href":"https:\/\/epistel.no\/blog\/wp-json\/wp\/v2\/pages"}],"about":[{"href":"https:\/\/epistel.no\/blog\/wp-json\/wp\/v2\/types\/page"}],"author":[{"embeddable":true,"href":"https:\/\/epistel.no\/blog\/wp-json\/wp\/v2\/users\/2"}],"replies":[{"embeddable":true,"href":"https:\/\/epistel.no\/blog\/wp-json\/wp\/v2\/comments?post=773"}],"version-history":[{"count":21,"href":"https:\/\/epistel.no\/blog\/wp-json\/wp\/v2\/pages\/773\/revisions"}],"predecessor-version":[{"id":1826,"href":"https:\/\/epistel.no\/blog\/wp-json\/wp\/v2\/pages\/773\/revisions\/1826"}],"wp:attachment":[{"href":"https:\/\/epistel.no\/blog\/wp-json\/wp\/v2\/media?parent=773"}],"curies":[{"name":"wp","href":"https:\/\/api.w.org\/{rel}","templated":true}]}}