{"id":769,"date":"2008-12-19T18:53:57","date_gmt":"2008-12-19T17:53:57","guid":{"rendered":"http:\/\/epistel.no\/blog\/?page_id=769"},"modified":"2020-06-08T07:02:18","modified_gmt":"2020-06-08T06:02:18","slug":"boker-jeg-har-lest","status":"publish","type":"page","link":"https:\/\/epistel.no\/blog\/boker-jeg-har-lest\/","title":{"rendered":"B\u00f8ker jeg har lest"},"content":{"rendered":"<h4>2015<\/h4>\n<ul>\n<li>Harper Lee &#8211; To Kill a Mockingbird<\/li>\n<li>Simon Singh &#8211;\u00a0Fermat&#8217;s Enigma: The Epic Quest to Solve the World&#8217;s Greatest Mathematical Problem<\/li>\n<li>Leonard Mlodinow &#8211;\u00a0The Drunkard&#8217;s Walk: How Randomness Rules Our Lives<\/li>\n<li>Robin Hobb &#8211; Renegade&#8217;s Magic<\/li>\n<li>Robin Hobb &#8211; Forest Mage<\/li>\n<li>Robin Hobb &#8211; Shaman&#8217;s Crossing<\/li>\n<li>Margaret Atwood &#8211; The Handmaid&#8217;s Tale<\/li>\n<li>Gillian Flynn &#8211; Gone Girl<\/li>\n<li>Andy Weir &#8211; The Martian<\/li>\n<li>Miriam Schneir &#8211;\u00a0Feminism: The Essential Historical Writings<\/li>\n<li>Randall Munroe &#8211;\u00a0What If?: Serious Scientific Answers to Absurd Hypothetical Questions<\/li>\n<li>Gordon Thomas &#8211; Gideon&#8217;s Spies: The Secret History of the Mossad<\/li>\n<\/ul>\n<h4>2014<\/h4>\n<ul>\n<li>Ursula K. Le Guin &#8211; The Farthest Shore<\/li>\n<li>Ursula K. Le Guin &#8211; A Wizard of Earthsea<\/li>\n<li>Ursula K. Le Guin &#8211; The Left Hand of Darkness<\/li>\n<li>William Gibson &amp; Bruce Sterling &#8211; The Difference Engine<\/li>\n<li>Ida Jackson &#8211; Morfar, Hitler og jeg<\/li>\n<li>Christen Krogh &#8211; Kileskrift<\/li>\n<li>Geert Mak &#8211; In Europe: Travels Through The Twentieth Century<\/li>\n<li>Robin Hobb &#8211; Fool&#8217;s Assassin<\/li>\n<li>Anita Krohn Traaseth &#8211; Godt nok for de svina<\/li>\n<li>Robin Hobb &#8211; Blood of Dragons<\/li>\n<li>Robin Hobb &#8211; City of Dragons<\/li>\n<li>Robin Hobb &#8211; Dragon Haven<\/li>\n<li>Robin Hobb &#8211; Dragon Keeper<\/li>\n<li>Robin Hobb &#8211; Ship of Destiny<\/li>\n<li>Robin Hobb &#8211; The Mad Ship<\/li>\n<li>Jim Butcher &#8211; Skin Game<\/li>\n<li>Robin Hobb &#8211; Ship of Magic<\/li>\n<li>Simon Singh &amp; Edzard Ernst &#8211; Bl\u00f8ff eller behandling? Alternativ medisin under lupen<\/li>\n<li>Ian Douglas &#8211; Singularity<\/li>\n<li>Ian Douglas &#8211; Center of Gravity<\/li>\n<li>Ian Douglas &#8211; Earth Strike<\/li>\n<li>Geoff Berner &#8211; Festival Man<\/li>\n<li>Ian Douglas &#8211; Earth Strike<\/li>\n<li>Piers Anthony &#8211; A Spell for Chameleon<\/li>\n<li>Daniel Suarez &#8211; Influx<\/li>\n<li>Tim Harford &#8211; The Undercover Economist Strikes Back: How to Run\u2014or Ruin\u2014an Economy<\/li>\n<li>Robin Hobb &#8211; Assassin&#8217;s Quest<\/li>\n<li>Robin Hobb &#8211; Royal Assassin<\/li>\n<li>Robin Hobb &#8211; Assassin&#8217;s Apprentice<\/li>\n<li>Hans Olav Lahlum &#8211; Katalysatormordet<\/li>\n<\/ul>\n<h4>2013<\/h4>\n<ul>\n<li>Frode Grytten &#8211; Brenn huset ned<\/li>\n<li>Wil Wheaton &#8211; Just a Geek<\/li>\n<li>Wil Wheaton &#8211; Dancing Barefoot<\/li>\n<li>Tracy Kidder &#8211; The Soul of a New Machine<\/li>\n<li>Marina von Neumann Whitman &#8211; The Martian&#8217;s Daughter: A Memoir<\/li>\n<li>Richard Wiseman &#8211; 59 Seconds: Think a Little, Change a Lot<\/li>\n<li>Tim Harford &#8211; The Undercover Economist<\/li>\n<li>Tim Harford &#8211; The Logic of Life<\/li>\n<li>Hugh Howey &#8211; Dust<\/li>\n<li>Roy Osherove &#8211; Notes to a Software Team Leader: Growing Self Organizing Teams<\/li>\n<li>Jim Butcher &#8211; First Lord&#8217;s Fury<\/li>\n<li>Jim Butcher &#8211; Princeps&#8217; Fury<\/li>\n<li>Jim Butcher &#8211; Captain&#8217;s Fury<\/li>\n<li>Jim Butcher &#8211; Cursor&#8217;s Fury<\/li>\n<li>Jim Butcher &#8211; Academ&#8217;s Fury<\/li>\n<li>Jim Butcher &#8211; Furies of Calderon<\/li>\n<li>Arne Garborg &#8211; Bondestudentar<\/li>\n<li>Niccolo Machiavelli &#8211; The Prince<\/li>\n<li>Richard Ford &#8211; Canada<\/li>\n<li>Steven Levitt and Stephen Dubner &#8211; Superfreakonomics<\/li>\n<li>Hugh Howey &#8211; Shift omnibus (Shift 1-3)<\/li>\n<li>Hugh Howey &#8211; Wool omnibus (Wool 1-5)<\/li>\n<li>Bankim Chandra Chattopadhyay &#8211; Durgeshnandini<\/li>\n<li>Jane Austen &#8211; Persuasion<\/li>\n<li>Hans Olav Lahlum &#8211; Menneskefluene<\/li>\n<li>George Takei &#8211; Oh Myyy!<\/li>\n<li>Jonas Jonasson &#8211; Hundra\u00e5ringen som klev ut genom f\u00f6nstret och f\u00f6rsvann<\/li>\n<\/ul>\n<h4>2012<\/h4>\n<ul>\n<li>Jim Butcher &#8211; Cold Days<\/li>\n<li>Clive Barker &#8211; Abarat<\/li>\n<li>Jane Austen &#8211; Northanger Abbey<\/li>\n<li>Daniel Tammet &#8211; Thinking in Numbers<\/li>\n<li>Tim Harford &#8211; Adapt: Why Success Always Starts with Failure<\/li>\n<li>Kristine Tofte &#8211; Song for Eirabu 2: Vargtid<\/li>\n<li>Jane Austen &#8211; Mansfield Park<\/li>\n<li>Bill Bryson &#8211; A Short History of Nearly Everything<\/li>\n<li>Patrick Rothfuss &#8211; The Wise Man&#8217;s Fear<\/li>\n<li>Patrick Rothfuss &#8211; The Name of the Wind<\/li>\n<li>Camilla Collett &#8211; Amtmandens D\u00f8tre<\/li>\n<li>Avinash K. Dixit and Barry J. Nalebuff &#8211; The Art of Strategy<\/li>\n<li>Haruki Murakami &#8211; 1Q84<\/li>\n<li>Daniel Kahneman &#8211; Thinking, Fast and Slow<\/li>\n<li>Patricia Cornwell &#8211; Cruel and Unusual<\/li>\n<li>Jane Austen &#8211; Emma<\/li>\n<li>Audrey Schulman &#8211; Three Weeks in December<\/li>\n<li>Joe Hill &#8211; Horns<\/li>\n<li>Charlotte Bront\u00eb &#8211; Villette<\/li>\n<li>Erik Tunstad &#8211; Juks: Hvordan forskere svindler &#8211; og hvorfor det ikke er s\u00e5 farlig<\/li>\n<li>Jane Austen &#8211; Sense and Sensibility<\/li>\n<li>George R.R. Martin &#8211; A Dance with Dragons<\/li>\n<\/ul>\n<h4>2011<\/h4>\n<ul>\n<li>George R.R. Martin &#8211; A Feast for Crows<\/li>\n<li>George R.R. Martin &#8211; A Storm of Swords<\/li>\n<li>George R.R. Martin &#8211; A Clash of Kings<\/li>\n<li>George R.R. Martin &#8211; A Game of Thrones<\/li>\n<li>Leonie Swann &#8211; Three Bags Full<\/li>\n<li>Lev Grossman &#8211; The Magician King<\/li>\n<li>Nils Ivar Ag\u00f8y &#8211; Kirken og arbeiderbevegelsen.\u00a0Spenninger, skuffelser, h\u00e5p. Tiden fram til 1940<\/li>\n<li>Eli Toft\u00f8y-Andersen og Jon Gunnar Wold &#8211; Praktisk brukertesting<\/li>\n<li>Seth Godin &#8211; Tribes: We Need You to Lead Us<\/li>\n<li>Jim Butcher &#8211; Ghost Story<\/li>\n<li>Dag \u00d8istein Endsj\u00f8 &#8211; Sex og religion<\/li>\n<li>Kim Barker \u2013 The Taliban Shuffle<\/li>\n<li>Suzanne Collins &#8211; Mockingjay<\/li>\n<li>Suzanne Collins &#8211; Catching Fire<\/li>\n<li>Barbara Demick \u2013 Nothing to Envy: Ordinary Lives in North Korea<\/li>\n<li>Suzanne Collins &#8211; The Hunger Games<\/li>\n<li>Jane Austen &#8211; Pride and Prejudice<\/li>\n<li>Daniel Suarez &#8211; Freedom(TM)<\/li>\n<li>Daniel Suarez &#8211; Daemon<\/li>\n<li>Eystein Hanssen &#8211; De ingen savner<\/li>\n<li>Flann O&#8217;Brien &#8211; The Third Policeman<\/li>\n<li>P.G. Wodehouse &#8211; The Mating Season<\/li>\n<li>George A. Stewart &#8211; Earth Abides<\/li>\n<li>Charlotte Bront\u00eb &#8211; Jane Eyre<\/li>\n<li>Erik Tunstad &#8211; Darwins teori<\/li>\n<\/ul>\n<h4>2010<\/h4>\n<ul>\n<li>B\u00f8rge Skr\u00e5mest\u00f8 &#8211; Familiejuvelene<\/li>\n<li>Giuseppe Ferrandino &#8211; Pericle den svarte<\/li>\n<li>Dawn Meehan &#8211; You&#8217;ll lose the baby weight (and other lies about pregnancy and childbirth)<\/li>\n<li>Ken Follett &#8211; Fall of Giants<\/li>\n<li>Ola Wikander &#8211; De indoeuropeiske spr\u00e5kenes historie<\/li>\n<li>Tad Williams &#8211; Sea of Silver Light<\/li>\n<li>Tad Williams &#8211; Mountain of Black Glass<\/li>\n<li>Tad Williams &#8211; River of Blue Fire<\/li>\n<li>Tad Williams &#8211; City of Golden Shadow<\/li>\n<li>Andrew Davidson &#8211; The Gargoyle<\/li>\n<li>Lev Grossman &#8211; The Magicians<\/li>\n<li>Frederick Forsyth &#8211; The Day of the Jackal<\/li>\n<li>Robert Crais &#8211; D\u00f8dsmesse i L.A.<\/li>\n<li>Emily Bront\u00eb &#8211; Wuthering Heights<\/li>\n<li>Neil Gaiman &#8211; Neverwhere<\/li>\n<li>Khaled Hosseini &#8211; The Kite Runner<\/li>\n<li>Aravind Adiga &#8211; The White Tiger<\/li>\n<li>Ernest Hemingway &#8211; A Farewell to Arms<\/li>\n<li>Orson Scott Card &#8211; Songmaster<\/li>\n<li>Dan Ariely &#8211; Predictably Irrational<\/li>\n<li>Jim Butcher &#8211; Changes<\/li>\n<li>J.D. Salinger &#8211; Catcher in the Rye<\/li>\n<li>Mark Haddon &#8211; The curious incident of the dog in the night-time<\/li>\n<\/ul>\n<h4>2009<\/h4>\n<ul>\n<li>Ben Goldacre &#8211; Bad Science<\/li>\n<li>Gabrielle Zevin &#8211; Elsewhere<\/li>\n<li>Dyrendal, Pettersen (red.) &#8211; Dommedag! Verdens undergang f\u00f8r og n\u00e5<\/li>\n<li>Gregory David Roberts &#8211; Shantaram<\/li>\n<li>Ken Follett &#8211; Den tredje tvilling<\/li>\n<li>Jo Nesb\u00f8 &#8211; Flaggermusmannen<\/li>\n<li>Jo Nesb\u00f8 &#8211; Sorgenfri<\/li>\n<li>Gunnhild \u00d8yehaug &#8211; Vente, blinke<\/li>\n<li>Simon Sebag Montefiore &#8211; Stalin, den r\u00f8de tsarens hoff<\/li>\n<li>Jan Guillou &#8211; Tyvenes marked<\/li>\n<li>Kristine Tofte &#8211; Song for Eirabu<\/li>\n<li>Daniel Tammet &#8211; Embracing the Wide Sky<\/li>\n<li>Alexander McCall Smith &#8211; The No. 1 Ladies&#8217; Detective Agency<\/li>\n<li>Garth Nix &#8211; Lirael<\/li>\n<li>Elizabeth Moon &#8211; Speed of Dark<\/li>\n<li>Charlaine Harris &#8211; Dead until Dark<\/li>\n<li>Val McDermid &#8211; The Mermaids Singing<\/li>\n<li>James M. Cain &#8211; The Postman Always Rings Twice<\/li>\n<li>Garth Nix &#8211; Abhorsen<\/li>\n<li>Stuart Sutherland &#8211; Irrationality<\/li>\n<li>Ida Jackson og Maren Kristiane Solli &#8211; Jenter som kommer<\/li>\n<li>Levitt, Dubner &#8211; Freakonomics<\/li>\n<li>Michael Chabon &#8211; The Yiddish Policemen&#8217;s Union<\/li>\n<li>Khader Abdolah &#8211; Huset ved moskeen<\/li>\n<li>Trygve Mathiesen &#8211; Tre grep og sannheten. Norsk punk 1977 &#8211; 1980<\/li>\n<li>Jhumpa Lahiri &#8211; Unaccustomed Earth<\/li>\n<li>Susanna Clarke &#8211; Jonathan Strange &amp; Mr Norrell<\/li>\n<li>Francesca Lia Block &#8211; Pretty Dead<\/li>\n<li>Neil Gaiman &#8211; The Graveyard Book<\/li>\n<\/ul>\n<h4>2008<\/h4>\n<ul>\n<li>Pettersen, Emberland (red.) &#8211; Konspiranoia<\/li>\n<li>Anne-Kat H\u00e6rland &#8211; Krig og fred og religion og politikk og s\u00e5nn<\/li>\n<li>Svein Aage Knudsen &#8211; Ub\u00e5tkrig &#8211; Tyske ub\u00e5tmannskaper i norske farvann 1940 &#8211; 1945<\/li>\n<li>Jim Butcher &#8211; White night<\/li>\n<li>H\u00e5kan Nesser &#8211; Det grovmaskede nettet (lydbok)<\/li>\n<li>Arnfinn Pettersen &#8211; Vampyr! Blodsugende lik i litteratur og tradisjon<\/li>\n<li>H\u00e5kan Nesser &#8211; Kommissarien och tystnaden (lydbok)<\/li>\n<li>H\u00e5kan Nesser &#8211; Ewa Morenos sak (lydbok)<\/li>\n<li>Tore Renberg &#8211; Kompani Orheim (lydbok)<\/li>\n<li>Ronald A. Knox &#8211; The Viaduct Murder<\/li>\n<li>Bobby Henderson &#8211; The Gospel of the Flying Spaghetti Monster<\/li>\n<li>Jim Butcher &#8211; Proven guilty<\/li>\n<li>Steven Pinker &#8211; The stuff of thought<\/li>\n<li>Jim Butcher &#8211; Small favor<\/li>\n<li>Terry Pratchett &amp; Neil Gaiman &#8211; Good omens<\/li>\n<li>Nevil Shute &#8211; On the beach<\/li>\n<li>Simon Sebag Montefiore &#8211; Den unge Stalin<\/li>\n<li>Garth Nix &#8211; Sabriel<\/li>\n<li>Liza Marklund &#8211; Livstid<\/li>\n<li>August Strindberg &#8211; R\u00f6da rummet<\/li>\n<li>Terry Pratchett &#8211; The Amazing Maurice and His Educated Rodents<\/li>\n<li>Gert Nyg\u00e5rdshaug &#8211; Afrodites basseng<\/li>\n<li>Jaqueline Wilson &#8211; The Diamond Girls<\/li>\n<li>Norah Vincent &#8211; Self-made man<\/li>\n<li>David Levithan &#8211; Boy meets boy<\/li>\n<li>Orson Scott Card &#8211; A war of gifts<\/li>\n<\/ul>\n<h4>2007<\/h4>\n<ul>\n<li>Knut N\u00e6rum &#8211; En himmel full av stjerner<\/li>\n<li>Helene Uri &#8211; De beste blant oss<\/li>\n<li>Gunnar Staalesen &#8211; Falne engler<\/li>\n<li>John Ajvide Lindqvist &#8211; La den rette komme inn<\/li>\n<li>Sue Monk Kidd &#8211; Havfruestolen<\/li>\n<li>Jim Butcher &#8211; Dead Beat<\/li>\n<li>Simon R. Green &#8211; Something from the Nightside<\/li>\n<li>Daniel Tammet &#8211; Born on a Blue Day<\/li>\n<li>Simon R. Green &#8211; Agents of Light and Darkness<\/li>\n<li>Unni Lindell &#8211; Orkestergraven<\/li>\n<li>Stieg Larsson &#8211; Menn som hater kvinner<\/li>\n<li>Jan-Sverre Syvertsen &#8211; \u00d8yne Bl\u00e5<\/li>\n<li>Arthur Koestler &#8211; Lotusen og Roboten<\/li>\n<li>Gro Nylander &#8211; Mamma for f\u00f8rste gang<\/li>\n<li>Marina Lewycka &#8211; En kort historie om traktoren i Ukraina<\/li>\n<li>Anita Nair &#8211; Damekupeen<\/li>\n<li>Vikram Seth &#8211; To liv<\/li>\n<li>Ryu Murakami &#8211; Coin Locker Babies<\/li>\n<li>Unni Lindell &#8211; Slangeb\u00e6reren<\/li>\n<li>Stieg Larsson &#8211; Flickan som lekte med elden<\/li>\n<li>Rick Cook &#8211; Wizard&#8217;s Bane<\/li>\n<li>Rick Cook &#8211; The Wizardry Compiled<\/li>\n<li>Sherman Alexie &#8211; Reservation Blues<\/li>\n<li>MaryJanice Davidson &#8211; Undead and unwed<\/li>\n<li>MaryJanice Davidson &#8211; Undead and unemployed<\/li>\n<li>Jeffrey Eugenides &#8211; The virgin suicides<\/li>\n<li>Stieg Larsson &#8211; Luftslottet som spr\u00e4ngdes<\/li>\n<li>Audrey Niffenegger &#8211; The Time Traveler&#8217;s Wife<\/li>\n<li>J.K. Rowling &#8211; Harry Potter and the Half-Blood Prince<\/li>\n<li>J.K. Rowling &#8211; Harry Potter and the Deathly Hallows<\/li>\n<li>Isabel Allende &#8211; En lykkens datter<\/li>\n<li>George Mikes &#8211; I \u00f8sten stiger Japan opp<\/li>\n<li>Unni Lindell &#8211; Dr\u00f8mmefangeren<\/li>\n<li>Isabel Allende &#8211; Den endel\u00f8se planen<\/li>\n<li>Tore Renberg &#8211; Videogutten<\/li>\n<li>Anne Holt &#8211; Presidentens valg<\/li>\n<li>John Ajvide Lindqvist &#8211; H\u00e5ndtering av ud\u00f8de<\/li>\n<li>Henning Mankell &#8211; Italienske sko<\/li>\n<li>Gert Nyg\u00e5rdshaug &#8211; Mengele Zoo<\/li>\n<li>Kamran Nazeer &#8211; Send in the idiots<\/li>\n<li>MaryJanice Davidson &#8211; Undead and unappreciated<\/li>\n<li>MaryJanice Davidson &#8211; Undead and unreturnable<\/li>\n<li>MaryJanice Davidson &#8211; Undead and unpopular<\/li>\n<li>Dyrendal, Pettersen, S\u00f8derlind (red.) &#8211; \u00c5pent sinn eller h\u00f8l i hue?<\/li>\n<li>Emberland, Pettersen (red.) &#8211; Fyrster i t\u00e5keland<\/li>\n<li>Philip Pullman &#8211; Clockwork<\/li>\n<li>Philip Pullman &#8211; The Firework-Maker&#8217;s Daughter<\/li>\n<\/ul>\n","protected":false},"excerpt":{"rendered":"<p>2015 Harper Lee &#8211; To Kill a Mockingbird Simon Singh &#8211;\u00a0Fermat&#8217;s Enigma: The Epic Quest to Solve the World&#8217;s Greatest Mathematical Problem Leonard Mlodinow &#8211;\u00a0The Drunkard&#8217;s Walk: How Randomness Rules Our Lives Robin Hobb &#8211; Renegade&#8217;s Magic Robin Hobb &#8211; Forest Mage Robin Hobb &#8211; Shaman&#8217;s Crossing Margaret Atwood &#8211; The Handmaid&#8217;s Tale Gillian Flynn [&hellip;]<\/p>\n","protected":false},"author":2,"featured_media":0,"parent":0,"menu_order":0,"comment_status":"open","ping_status":"open","template":"","meta":{"spay_email":""},"jetpack_shortlink":"https:\/\/wp.me\/PpHor-cp","jetpack_sharing_enabled":true,"_links":{"self":[{"href":"https:\/\/epistel.no\/blog\/wp-json\/wp\/v2\/pages\/769"}],"collection":[{"href":"https:\/\/epistel.no\/blog\/wp-json\/wp\/v2\/pages"}],"about":[{"href":"https:\/\/epistel.no\/blog\/wp-json\/wp\/v2\/types\/page"}],"author":[{"embeddable":true,"href":"https:\/\/epistel.no\/blog\/wp-json\/wp\/v2\/users\/2"}],"replies":[{"embeddable":true,"href":"https:\/\/epistel.no\/blog\/wp-json\/wp\/v2\/comments?post=769"}],"version-history":[{"count":131,"href":"https:\/\/epistel.no\/blog\/wp-json\/wp\/v2\/pages\/769\/revisions"}],"predecessor-version":[{"id":2199,"href":"https:\/\/epistel.no\/blog\/wp-json\/wp\/v2\/pages\/769\/revisions\/2199"}],"wp:attachment":[{"href":"https:\/\/epistel.no\/blog\/wp-json\/wp\/v2\/media?parent=769"}],"curies":[{"name":"wp","href":"https:\/\/api.w.org\/{rel}","templated":true}]}}