{"id":1581,"date":"2011-06-06T21:33:52","date_gmt":"2011-06-06T20:33:52","guid":{"rendered":"http:\/\/epistel.no\/blog\/?page_id=1581"},"modified":"2020-06-08T07:02:32","modified_gmt":"2020-06-08T06:02:32","slug":"boker-jeg-skal-lese","status":"publish","type":"page","link":"https:\/\/epistel.no\/blog\/boker-jeg-skal-lese\/","title":{"rendered":"B\u00f8ker jeg skal lese"},"content":{"rendered":"<p>B\u00f8ker jeg har plukket opp fra bokanmeldelser, tips fra venner, eller av andre grunner har planer om \u00e5 lese p\u00e5 ett eller annet tidspunkt. Dette er f\u00f8rst og fremst en huskeliste til meg selv.<\/p>\n<h3>Sakprosa<\/h3>\n<ul>\n<li>Simon Singh\/Edzard Ernst &#8211;\u00a0Trick or Treatment? Alternative Medicine on Trial<\/li>\n<li>Azar Nafisi &#8211; Reading Lolita in Tehran<\/li>\n<li>Greg Mortenson &#8211; Three cups of tea<\/li>\n<li>Atle Christiansen &#8211; Kritikarboka<\/li>\n<li>Jim Collins\/Jerry I. Porras &#8211; Built to Last &#8211; Successful Habits of Visionary Companies<\/li>\n<li>Douglas Edwards &#8211; I&#8217;m Feeling Lucky: The Confessions of Google Employee Number 59<\/li>\n<\/ul>\n<h3>Skj\u00f8nnlitteratur<\/h3>\n<ul>\n<li>Adam Johnsen &#8211; Barnehjemsbestyrerens s\u00f8nn<\/li>\n<li>Pamuk \u00a0&#8211; Svart bok<\/li>\n<li>Coetzee &#8211; F\u00f8r barbarene kommer<\/li>\n<li>Bernhard &#8211; Forstyrrelse (Bernhard)<\/li>\n<li>Duun &#8211; Samtid<\/li>\n<li>Charriere &#8211; Papillon<\/li>\n<li>Hans Frederik Follestad &#8211; De fire og han som gj\u00f8r galt verre<\/li>\n<li>Donna Tart &#8211; A secret history<\/li>\n<li>Emma Donoghue &#8211;\u00a0Room<\/li>\n<li>Edgar Mint &#8211; \u00a0The miracle life<\/li>\n<li>Alice Walker &#8211; Fargen bortenfor<\/li>\n<li>Sofi Oksanen &#8211; Utrenskning<\/li>\n<li>Jodi Picoult &#8211; My sister&#8217;s keeper<\/li>\n<li>Rohinton Mistry &#8211; A Fine Balance<\/li>\n<li>Victor Hugo \u2013 De elendige<\/li>\n<li>Gene Wolfe &#8211; The book of the new sun<\/li>\n<li>Glen Cook &#8211; The black company<\/li>\n<li>Scott Lynch &#8211; Gentlemen bastards<\/li>\n<li>Mo Hayder &#8211; Tokyo<\/li>\n<li>Ida L\u00f8k\u00e5s &#8211; Det fine som flyter forbi<\/li>\n<\/ul>\n","protected":false},"excerpt":{"rendered":"<p>B\u00f8ker jeg har plukket opp fra bokanmeldelser, tips fra venner, eller av andre grunner har planer om \u00e5 lese p\u00e5 ett eller annet tidspunkt. Dette er f\u00f8rst og fremst en huskeliste til meg selv. Sakprosa Simon Singh\/Edzard Ernst &#8211;\u00a0Trick or Treatment? Alternative Medicine on Trial Azar Nafisi &#8211; Reading Lolita in Tehran Greg Mortenson &#8211; [&hellip;]<\/p>\n","protected":false},"author":2,"featured_media":0,"parent":0,"menu_order":0,"comment_status":"open","ping_status":"open","template":"","meta":{"spay_email":""},"jetpack_shortlink":"https:\/\/wp.me\/PpHor-pv","jetpack_sharing_enabled":true,"_links":{"self":[{"href":"https:\/\/epistel.no\/blog\/wp-json\/wp\/v2\/pages\/1581"}],"collection":[{"href":"https:\/\/epistel.no\/blog\/wp-json\/wp\/v2\/pages"}],"about":[{"href":"https:\/\/epistel.no\/blog\/wp-json\/wp\/v2\/types\/page"}],"author":[{"embeddable":true,"href":"https:\/\/epistel.no\/blog\/wp-json\/wp\/v2\/users\/2"}],"replies":[{"embeddable":true,"href":"https:\/\/epistel.no\/blog\/wp-json\/wp\/v2\/comments?post=1581"}],"version-history":[{"count":20,"href":"https:\/\/epistel.no\/blog\/wp-json\/wp\/v2\/pages\/1581\/revisions"}],"predecessor-version":[{"id":1834,"href":"https:\/\/epistel.no\/blog\/wp-json\/wp\/v2\/pages\/1581\/revisions\/1834"}],"wp:attachment":[{"href":"https:\/\/epistel.no\/blog\/wp-json\/wp\/v2\/media?parent=1581"}],"curies":[{"name":"wp","href":"https:\/\/api.w.org\/{rel}","templated":true}]}}